{"id":37,"date":"2024-12-19T10:06:37","date_gmt":"2024-12-19T13:06:37","guid":{"rendered":"http:\/\/brasileirao-taubate-sp.ceebkarate.com.br\/index.php\/martial-arts\/"},"modified":"2024-12-25T15:00:15","modified_gmt":"2024-12-25T18:00:15","slug":"home","status":"publish","type":"page","link":"https:\/\/brasileirao-taubate-sp.ceebkarate.com.br\/","title":{"rendered":"Home"},"content":{"rendered":"\t\t<div data-elementor-type=\"wp-page\" data-elementor-id=\"37\" class=\"elementor elementor-37\">\n\t\t\t\t\t\t<section class=\"elementor-section elementor-top-section elementor-element elementor-element-16533241 elementor-section-full_width elementor-section-stretched elementor-section-height-default elementor-section-height-default elementor-invisible\" data-id=\"16533241\" data-element_type=\"section\" data-settings=\"{&quot;background_background&quot;:&quot;classic&quot;,&quot;animation&quot;:&quot;flash&quot;,&quot;stretch_section&quot;:&quot;section-stretched&quot;}\">\n\t\t\t\t\t\t<div class=\"elementor-container elementor-column-gap-default\">\n\t\t\t\t\t<div class=\"elementor-column elementor-col-100 elementor-top-column elementor-element elementor-element-23d07729\" data-id=\"23d07729\" data-element_type=\"column\">\n\t\t\t<div class=\"elementor-widget-wrap elementor-element-populated\">\n\t\t\t\t\t\t<section class=\"elementor-section elementor-inner-section elementor-element elementor-element-519d2a8d elementor-section-height-full elementor-section-content-top elementor-section-boxed elementor-section-height-default\" data-id=\"519d2a8d\" data-element_type=\"section\">\n\t\t\t\t\t\t<div class=\"elementor-container elementor-column-gap-default\">\n\t\t\t\t\t<div class=\"elementor-column elementor-col-100 elementor-inner-column elementor-element elementor-element-4c1e35d5\" data-id=\"4c1e35d5\" data-element_type=\"column\">\n\t\t\t<div class=\"elementor-widget-wrap elementor-element-populated\">\n\t\t\t\t\t\t<div class=\"elementor-element elementor-element-d074187 elementor-widget__width-initial elementor-widget elementor-widget-spacer\" data-id=\"d074187\" data-element_type=\"widget\" data-widget_type=\"spacer.default\">\n\t\t\t\t<div class=\"elementor-widget-container\">\n\t\t\t\t\t\t\t<div class=\"elementor-spacer\">\n\t\t\t<div class=\"elementor-spacer-inner\"><\/div>\n\t\t<\/div>\n\t\t\t\t\t\t<\/div>\n\t\t\t\t<\/div>\n\t\t\t\t<div class=\"elementor-element elementor-element-2311152e elementor-invisible elementor-widget elementor-widget-heading\" data-id=\"2311152e\" data-element_type=\"widget\" data-settings=\"{&quot;_animation&quot;:&quot;rollIn&quot;}\" data-widget_type=\"heading.default\">\n\t\t\t\t<div class=\"elementor-widget-container\">\n\t\t\t\t\t<h3 class=\"elementor-heading-title elementor-size-default\">1\u00aa Etapa<\/h3>\t\t\t\t<\/div>\n\t\t\t\t<\/div>\n\t\t\t\t<div class=\"elementor-element elementor-element-71a0e6b elementor-invisible elementor-widget elementor-widget-text-editor\" data-id=\"71a0e6b\" data-element_type=\"widget\" data-settings=\"{&quot;_animation&quot;:&quot;rollIn&quot;}\" data-widget_type=\"text-editor.default\">\n\t\t\t\t<div class=\"elementor-widget-container\">\n\t\t\t\t\t\t\t\t\t<h4><strong>TROFEU SHIDOSHI IVO RANGEL<\/strong><\/h4>\t\t\t\t\t\t\t\t<\/div>\n\t\t\t\t<\/div>\n\t\t\t\t<div class=\"elementor-element elementor-element-7f0f384d elementor-widget__width-initial elementor-invisible elementor-widget elementor-widget-heading\" data-id=\"7f0f384d\" data-element_type=\"widget\" data-settings=\"{&quot;_animation&quot;:&quot;rollIn&quot;}\" data-widget_type=\"heading.default\">\n\t\t\t\t<div class=\"elementor-widget-container\">\n\t\t\t\t\t<h2 class=\"elementor-heading-title elementor-size-default\">Brasileir\u00e3o Karat\u00ea Esportivo 2025<\/h2>\t\t\t\t<\/div>\n\t\t\t\t<\/div>\n\t\t\t\t<div class=\"elementor-element elementor-element-28af886 elementor-widget__width-initial elementor-widget elementor-widget-spacer\" data-id=\"28af886\" data-element_type=\"widget\" data-widget_type=\"spacer.default\">\n\t\t\t\t<div class=\"elementor-widget-container\">\n\t\t\t\t\t\t\t<div class=\"elementor-spacer\">\n\t\t\t<div class=\"elementor-spacer-inner\"><\/div>\n\t\t<\/div>\n\t\t\t\t\t\t<\/div>\n\t\t\t\t<\/div>\n\t\t\t\t<div class=\"elementor-element elementor-element-48cfe81c elementor-widget-tablet__width-initial elementor-widget-mobile__width-initial elementor-widget elementor-widget-text-editor\" data-id=\"48cfe81c\" data-element_type=\"widget\" data-widget_type=\"text-editor.default\">\n\t\t\t\t<div class=\"elementor-widget-container\">\n\t\t\t\t\t\t\t\t\t<p style=\"text-align: left;\"><strong><span style=\"color: #000000;\">de 25 a 27 de Abril<\/span><\/strong><\/p>\t\t\t\t\t\t\t\t<\/div>\n\t\t\t\t<\/div>\n\t\t\t\t<div class=\"elementor-element elementor-element-4dba9c55 elementor-mobile-align-left elementor-align-left martial-arts-btn elementor-widget elementor-widget-button\" data-id=\"4dba9c55\" data-element_type=\"widget\" data-widget_type=\"button.default\">\n\t\t\t\t<div class=\"elementor-widget-container\">\n\t\t\t\t\t\t\t\t\t<div class=\"elementor-button-wrapper\">\n\t\t\t\t\t<a class=\"elementor-button elementor-button-link elementor-size-lg\" href=\"https:\/\/brasileirao-taubate-sp.ceebkarate.com.br\/index.php\/sobre-o-ginasio\/\">\n\t\t\t\t\t\t<span class=\"elementor-button-content-wrapper\">\n\t\t\t\t\t\t\t\t\t<span class=\"elementor-button-text\">Gin\u00e1sio SESI Taubat\u00e9 - Taubat\u00e9\/SP<\/span>\n\t\t\t\t\t<\/span>\n\t\t\t\t\t<\/a>\n\t\t\t\t<\/div>\n\t\t\t\t\t\t\t\t<\/div>\n\t\t\t\t<\/div>\n\t\t\t\t\t<\/div>\n\t\t<\/div>\n\t\t\t\t\t<\/div>\n\t\t<\/section>\n\t\t\t\t\t<\/div>\n\t\t<\/div>\n\t\t\t\t\t<\/div>\n\t\t<\/section>\n\t\t<div class=\"elementor-element elementor-element-38c49f1 e-flex e-con-boxed e-con e-parent\" data-id=\"38c49f1\" data-element_type=\"container\">\n\t\t\t\t\t<div class=\"e-con-inner\">\n\t\t\t\t<div class=\"elementor-element elementor-element-d95022c elementor-widget elementor-widget-spacer\" data-id=\"d95022c\" data-element_type=\"widget\" data-widget_type=\"spacer.default\">\n\t\t\t\t<div class=\"elementor-widget-container\">\n\t\t\t\t\t\t\t<div class=\"elementor-spacer\">\n\t\t\t<div class=\"elementor-spacer-inner\"><\/div>\n\t\t<\/div>\n\t\t\t\t\t\t<\/div>\n\t\t\t\t<\/div>\n\t\t\t\t\t<\/div>\n\t\t\t\t<\/div>\n\t\t\t\t<section class=\"elementor-section elementor-top-section elementor-element elementor-element-42fb570c elementor-section-boxed elementor-section-height-default elementor-section-height-default\" data-id=\"42fb570c\" data-element_type=\"section\" data-settings=\"{&quot;background_background&quot;:&quot;classic&quot;}\">\n\t\t\t\t\t\t<div class=\"elementor-container elementor-column-gap-default\">\n\t\t\t\t\t<div class=\"elementor-column elementor-col-100 elementor-top-column elementor-element elementor-element-6bd4000b\" data-id=\"6bd4000b\" data-element_type=\"column\">\n\t\t\t<div class=\"elementor-widget-wrap elementor-element-populated\">\n\t\t\t\t\t\t<section class=\"elementor-section elementor-inner-section elementor-element elementor-element-2a116d11 elementor-reverse-tablet elementor-reverse-mobile elementor-section-full_width elementor-section-height-default elementor-section-height-default\" data-id=\"2a116d11\" data-element_type=\"section\">\n\t\t\t\t\t\t<div class=\"elementor-container elementor-column-gap-default\">\n\t\t\t\t\t<div class=\"elementor-column elementor-col-50 elementor-inner-column elementor-element elementor-element-5121efdc animated-slow elementor-invisible\" data-id=\"5121efdc\" data-element_type=\"column\" data-settings=\"{&quot;animation&quot;:&quot;fadeInLeft&quot;,&quot;background_background&quot;:&quot;classic&quot;}\">\n\t\t\t<div class=\"elementor-widget-wrap\">\n\t\t\t\t\t\t\t<\/div>\n\t\t<\/div>\n\t\t\t\t<div class=\"elementor-column elementor-col-50 elementor-inner-column elementor-element elementor-element-304d7886 workout-section animated-slow elementor-invisible\" data-id=\"304d7886\" data-element_type=\"column\" data-settings=\"{&quot;animation&quot;:&quot;fadeInRight&quot;}\">\n\t\t\t<div class=\"elementor-widget-wrap elementor-element-populated\">\n\t\t\t\t\t\t<div class=\"elementor-element elementor-element-6cd511ac elementor-widget elementor-widget-heading\" data-id=\"6cd511ac\" data-element_type=\"widget\" data-widget_type=\"heading.default\">\n\t\t\t\t<div class=\"elementor-widget-container\">\n\t\t\t\t\t<h2 class=\"elementor-heading-title elementor-size-default\">Brasileir\u00e3o de Karate 2025<\/h2>\t\t\t\t<\/div>\n\t\t\t\t<\/div>\n\t\t\t\t<div class=\"elementor-element elementor-element-40514e71 elementor-widget elementor-widget-heading\" data-id=\"40514e71\" data-element_type=\"widget\" data-widget_type=\"heading.default\">\n\t\t\t\t<div class=\"elementor-widget-container\">\n\t\t\t\t\t<h2 class=\"elementor-heading-title elementor-size-default\">Boas Vindas<\/h2>\t\t\t\t<\/div>\n\t\t\t\t<\/div>\n\t\t\t\t<div class=\"elementor-element elementor-element-288c464b elementor-widget elementor-widget-text-editor\" data-id=\"288c464b\" data-element_type=\"widget\" data-widget_type=\"text-editor.default\">\n\t\t\t\t<div class=\"elementor-widget-container\">\n\t\t\t\t\t\t\t\t\t<p><b>Prezada Comunidade Karateka,<\/b><\/p><p>N\u00f3s da <b>Confedera\u00e7\u00e3o Esportiva e Educacional Brasileira de Karate (CEEBK)\u00a0<\/b><span style=\"font-weight: var( --e-global-typography-text-font-weight );\">convidamos todos os praticantes de karate, bem como seus familiares e simpatizantes,\u00a0<\/span><span style=\"font-weight: var( --e-global-typography-text-font-weight );\">para participarem da 1a Etapa do <\/span><b>BRASILEIR\u00c3O DE KARATE ESPORTIVO 2025<\/b><span style=\"font-weight: var( --e-global-typography-text-font-weight );\">, que\u00a0<\/span><span style=\"font-weight: var( --e-global-typography-text-font-weight );\">ser\u00e1 realizada de 25 a 27 de Abril de 2025 no Gin\u00e1sio do SESI Taubate sito Av.\u00a0<\/span><span style=\"font-weight: var( --e-global-typography-text-font-weight );\">Volunt\u00e1rio Benedito S\u00e9rgio 710 Bairro Estiva- Taubat\u00e9 SP.<\/span><\/p>\t\t\t\t\t\t\t\t<\/div>\n\t\t\t\t<\/div>\n\t\t\t\t<div class=\"elementor-element elementor-element-2b6c96d9 workout-cont-img elementor-widget__width-initial elementor-widget elementor-widget-image\" data-id=\"2b6c96d9\" data-element_type=\"widget\" data-widget_type=\"image.default\">\n\t\t\t\t<div class=\"elementor-widget-container\">\n\t\t\t\t\t\t\t\t\t\t\t\t\t\t\t<img decoding=\"async\" width=\"44\" height=\"51\" src=\"http:\/\/brasileirao-taubate-sp.ceebkarate.com.br\/wp-content\/uploads\/2024\/12\/self-defence.png\" class=\"attachment-full size-full wp-image-28\" alt=\"\" \/>\t\t\t\t\t\t\t\t\t\t\t\t\t\t\t<\/div>\n\t\t\t\t<\/div>\n\t\t\t\t<div class=\"elementor-element elementor-element-8f67da5 workout-cont-box elementor-vertical-align-top elementor-widget elementor-widget-image-box\" data-id=\"8f67da5\" data-element_type=\"widget\" data-widget_type=\"image-box.default\">\n\t\t\t\t<div class=\"elementor-widget-container\">\n\t\t\t\t\t<div class=\"elementor-image-box-wrapper\"><div class=\"elementor-image-box-content\"><h3 class=\"elementor-image-box-title\"><a href=\"https:\/\/brasileirao-taubate-sp.ceebkarate.com.br\/index.php\/apresentacao\/\">Conhe\u00e7a a cidade de Taubat\u00e9\/SP<\/a><\/h3><p class=\"elementor-image-box-description\">Suas redes de Hot\u00e9is e Bares<\/p><\/div><\/div>\t\t\t\t<\/div>\n\t\t\t\t<\/div>\n\t\t\t\t\t<\/div>\n\t\t<\/div>\n\t\t\t\t\t<\/div>\n\t\t<\/section>\n\t\t\t\t\t<\/div>\n\t\t<\/div>\n\t\t\t\t\t<\/div>\n\t\t<\/section>\n\t\t\t\t<section class=\"elementor-section elementor-top-section elementor-element elementor-element-4bab7bf1 elementor-section-boxed elementor-section-height-default elementor-section-height-default\" data-id=\"4bab7bf1\" data-element_type=\"section\" data-settings=\"{&quot;background_background&quot;:&quot;classic&quot;}\">\n\t\t\t\t\t\t<div class=\"elementor-container elementor-column-gap-default\">\n\t\t\t\t\t<div class=\"elementor-column elementor-col-100 elementor-top-column elementor-element elementor-element-37aca21e\" data-id=\"37aca21e\" data-element_type=\"column\">\n\t\t\t<div class=\"elementor-widget-wrap elementor-element-populated\">\n\t\t\t\t\t\t<div class=\"elementor-element elementor-element-f36a20e elementor-widget elementor-widget-spacer\" data-id=\"f36a20e\" data-element_type=\"widget\" data-widget_type=\"spacer.default\">\n\t\t\t\t<div class=\"elementor-widget-container\">\n\t\t\t\t\t\t\t<div class=\"elementor-spacer\">\n\t\t\t<div class=\"elementor-spacer-inner\"><\/div>\n\t\t<\/div>\n\t\t\t\t\t\t<\/div>\n\t\t\t\t<\/div>\n\t\t\t\t\t<\/div>\n\t\t<\/div>\n\t\t\t\t\t<\/div>\n\t\t<\/section>\n\t\t<div class=\"elementor-element elementor-element-19579f2 e-flex e-con-boxed e-con e-parent\" data-id=\"19579f2\" data-element_type=\"container\">\n\t\t\t\t\t<div class=\"e-con-inner\">\n\t\t\t\t<div class=\"elementor-element elementor-element-ef49291 elementor-widget elementor-widget-spacer\" data-id=\"ef49291\" data-element_type=\"widget\" data-widget_type=\"spacer.default\">\n\t\t\t\t<div class=\"elementor-widget-container\">\n\t\t\t\t\t\t\t<div class=\"elementor-spacer\">\n\t\t\t<div class=\"elementor-spacer-inner\"><\/div>\n\t\t<\/div>\n\t\t\t\t\t\t<\/div>\n\t\t\t\t<\/div>\n\t\t\t\t\t<\/div>\n\t\t\t\t<\/div>\n\t\t\t\t<section class=\"elementor-section elementor-top-section elementor-element elementor-element-7a7dcce8 our-services animated-slow elementor-section-boxed elementor-section-height-default elementor-section-height-default\" data-id=\"7a7dcce8\" data-element_type=\"section\" data-settings=\"{&quot;background_background&quot;:&quot;classic&quot;,&quot;animation&quot;:&quot;none&quot;}\">\n\t\t\t\t\t\t\t<div class=\"elementor-background-overlay\"><\/div>\n\t\t\t\t\t\t\t<div class=\"elementor-container elementor-column-gap-default\">\n\t\t\t\t\t<div class=\"elementor-column elementor-col-100 elementor-top-column elementor-element elementor-element-5e65c13f\" data-id=\"5e65c13f\" data-element_type=\"column\">\n\t\t\t<div class=\"elementor-widget-wrap elementor-element-populated\">\n\t\t\t\t\t\t<div class=\"elementor-element elementor-element-764e684c elementor-invisible elementor-widget elementor-widget-heading\" data-id=\"764e684c\" data-element_type=\"widget\" data-settings=\"{&quot;_animation&quot;:&quot;fadeInDown&quot;}\" data-widget_type=\"heading.default\">\n\t\t\t\t<div class=\"elementor-widget-container\">\n\t\t\t\t\t<h2 class=\"elementor-heading-title elementor-size-default\">Brasileir\u00e3o Karat\u00ea Esportivo 2025 - Taubat\u00e9-SP<\/h2>\t\t\t\t<\/div>\n\t\t\t\t<\/div>\n\t\t\t\t<div class=\"elementor-element elementor-element-789b3a55 elementor-invisible elementor-widget elementor-widget-heading\" data-id=\"789b3a55\" data-element_type=\"widget\" data-settings=\"{&quot;_animation&quot;:&quot;fadeInUp&quot;}\" data-widget_type=\"heading.default\">\n\t\t\t\t<div class=\"elementor-widget-container\">\n\t\t\t\t\t<h3 class=\"elementor-heading-title elementor-size-default\">Saiba como participar<\/h3>\t\t\t\t<\/div>\n\t\t\t\t<\/div>\n\t\t\t\t<div class=\"elementor-element elementor-element-67da678 service-box elementor-widget__width-initial elementor-widget-mobile__width-inherit animated-slow elementor-position-top elementor-invisible elementor-widget elementor-widget-image-box\" data-id=\"67da678\" data-element_type=\"widget\" data-settings=\"{&quot;_animation&quot;:&quot;zoomInUp&quot;}\" data-widget_type=\"image-box.default\">\n\t\t\t\t<div class=\"elementor-widget-container\">\n\t\t\t\t\t<div class=\"elementor-image-box-wrapper\"><figure class=\"elementor-image-box-img\"><a href=\"https:\/\/brasileirao-taubate-sp.ceebkarate.com.br\/index.php\/categorias-ineditas\/\" tabindex=\"-1\"><img decoding=\"async\" width=\"72\" height=\"72\" src=\"http:\/\/brasileirao-taubate-sp.ceebkarate.com.br\/wp-content\/uploads\/2024\/12\/service-img4.png\" class=\"attachment-full size-full wp-image-34\" alt=\"\" \/><\/a><\/figure><div class=\"elementor-image-box-content\"><h3 class=\"elementor-image-box-title\"><a href=\"https:\/\/brasileirao-taubate-sp.ceebkarate.com.br\/index.php\/categorias-ineditas\/\">Categorias In\u00e9ditas<\/a><\/h3><\/div><\/div>\t\t\t\t<\/div>\n\t\t\t\t<\/div>\n\t\t\t\t<div class=\"elementor-element elementor-element-7ea37301 service-box elementor-widget__width-initial elementor-widget-mobile__width-inherit animated-slow elementor-position-top elementor-invisible elementor-widget elementor-widget-image-box\" data-id=\"7ea37301\" data-element_type=\"widget\" data-settings=\"{&quot;_animation&quot;:&quot;zoomInUp&quot;}\" data-widget_type=\"image-box.default\">\n\t\t\t\t<div class=\"elementor-widget-container\">\n\t\t\t\t\t<div class=\"elementor-image-box-wrapper\"><figure class=\"elementor-image-box-img\"><a href=\"https:\/\/brasileirao-taubate-sp.ceebkarate.com.br\/index.php\/hospedagem\/\" tabindex=\"-1\"><img decoding=\"async\" width=\"72\" height=\"72\" src=\"http:\/\/brasileirao-taubate-sp.ceebkarate.com.br\/wp-content\/uploads\/2024\/12\/service-img4.png\" class=\"attachment-full size-full wp-image-34\" alt=\"\" \/><\/a><\/figure><div class=\"elementor-image-box-content\"><h3 class=\"elementor-image-box-title\"><a href=\"https:\/\/brasileirao-taubate-sp.ceebkarate.com.br\/index.php\/hospedagem\/\">Hospedagem<\/a><\/h3><\/div><\/div>\t\t\t\t<\/div>\n\t\t\t\t<\/div>\n\t\t\t\t<div class=\"elementor-element elementor-element-17fdf492 service-box elementor-widget__width-initial elementor-widget-mobile__width-inherit animated-slow elementor-position-top elementor-invisible elementor-widget elementor-widget-image-box\" data-id=\"17fdf492\" data-element_type=\"widget\" data-settings=\"{&quot;_animation&quot;:&quot;zoomInUp&quot;}\" data-widget_type=\"image-box.default\">\n\t\t\t\t<div class=\"elementor-widget-container\">\n\t\t\t\t\t<div class=\"elementor-image-box-wrapper\"><figure class=\"elementor-image-box-img\"><a href=\"https:\/\/brasileirao-taubate-sp.ceebkarate.com.br\/index.php\/programacao\/\" tabindex=\"-1\"><img decoding=\"async\" width=\"72\" height=\"72\" src=\"http:\/\/brasileirao-taubate-sp.ceebkarate.com.br\/wp-content\/uploads\/2024\/12\/service-img4.png\" class=\"attachment-full size-full wp-image-34\" alt=\"\" \/><\/a><\/figure><div class=\"elementor-image-box-content\"><h3 class=\"elementor-image-box-title\"><a href=\"https:\/\/brasileirao-taubate-sp.ceebkarate.com.br\/index.php\/programacao\/\">Programa\u00e7\u00e3o<\/a><\/h3><\/div><\/div>\t\t\t\t<\/div>\n\t\t\t\t<\/div>\n\t\t\t\t<div class=\"elementor-element elementor-element-357a6e3d service-box elementor-widget__width-initial elementor-widget-mobile__width-inherit animated-slow elementor-position-top elementor-invisible elementor-widget elementor-widget-image-box\" data-id=\"357a6e3d\" data-element_type=\"widget\" data-settings=\"{&quot;_animation&quot;:&quot;zoomInUp&quot;}\" data-widget_type=\"image-box.default\">\n\t\t\t\t<div class=\"elementor-widget-container\">\n\t\t\t\t\t<div class=\"elementor-image-box-wrapper\"><figure class=\"elementor-image-box-img\"><a href=\"https:\/\/brasileirao-taubate-sp.ceebkarate.com.br\/index.php\/sobre-o-ginasio\/\" tabindex=\"-1\"><img decoding=\"async\" width=\"72\" height=\"72\" src=\"http:\/\/brasileirao-taubate-sp.ceebkarate.com.br\/wp-content\/uploads\/2024\/12\/service-img4.png\" class=\"attachment-full size-full wp-image-34\" alt=\"\" \/><\/a><\/figure><div class=\"elementor-image-box-content\"><h3 class=\"elementor-image-box-title\"><a href=\"https:\/\/brasileirao-taubate-sp.ceebkarate.com.br\/index.php\/sobre-o-ginasio\/\">Gin\u00e1sio<\/a><\/h3><\/div><\/div>\t\t\t\t<\/div>\n\t\t\t\t<\/div>\n\t\t\t\t\t<\/div>\n\t\t<\/div>\n\t\t\t\t\t<\/div>\n\t\t<\/section>\n\t\t<div class=\"elementor-element elementor-element-c3328fb e-flex e-con-boxed e-con e-parent\" data-id=\"c3328fb\" data-element_type=\"container\">\n\t\t\t\t\t<div class=\"e-con-inner\">\n\t\t\t\t<div class=\"elementor-element elementor-element-7260961 elementor-invisible elementor-widget elementor-widget-wp-widget-media_image\" data-id=\"7260961\" data-element_type=\"widget\" data-settings=\"{&quot;_animation&quot;:&quot;fadeInUp&quot;}\" data-widget_type=\"wp-widget-media_image.default\">\n\t\t\t\t<div class=\"elementor-widget-container\">\n\t\t\t\t\t<img fetchpriority=\"high\" decoding=\"async\" width=\"1422\" height=\"137\" src=\"https:\/\/brasileirao-taubate-sp.ceebkarate.com.br\/wp-content\/uploads\/2024\/12\/CARTAZ-HORIZONTAL.jpg\" class=\"image wp-image-228  attachment-full size-full\" alt=\"\" style=\"max-width: 100%; height: auto;\" srcset=\"https:\/\/brasileirao-taubate-sp.ceebkarate.com.br\/wp-content\/uploads\/2024\/12\/CARTAZ-HORIZONTAL.jpg 1422w, https:\/\/brasileirao-taubate-sp.ceebkarate.com.br\/wp-content\/uploads\/2024\/12\/CARTAZ-HORIZONTAL-300x29.jpg 300w, https:\/\/brasileirao-taubate-sp.ceebkarate.com.br\/wp-content\/uploads\/2024\/12\/CARTAZ-HORIZONTAL-1024x99.jpg 1024w, https:\/\/brasileirao-taubate-sp.ceebkarate.com.br\/wp-content\/uploads\/2024\/12\/CARTAZ-HORIZONTAL-768x74.jpg 768w\" sizes=\"(max-width: 1422px) 100vw, 1422px\" \/>\t\t\t\t<\/div>\n\t\t\t\t<\/div>\n\t\t\t\t\t<\/div>\n\t\t\t\t<\/div>\n\t\t\t\t<\/div>\n\t\t","protected":false},"excerpt":{"rendered":"<p>1\u00aa Etapa TROFEU SHIDOSHI IVO RANGEL Brasileir\u00e3o Karat\u00ea Esportivo 2025 de 25 a 27 de Abril Gin\u00e1sio SESI Taubat\u00e9 &#8211; Taubat\u00e9\/SP Brasileir\u00e3o de Karate 2025 [&hellip;]<\/p>\n","protected":false},"author":1,"featured_media":0,"parent":0,"menu_order":0,"comment_status":"closed","ping_status":"closed","template":"templates\/builder-fullwidth-std.php","meta":{"footnotes":""},"class_list":["post-37","page","type-page","status-publish","hentry"],"_links":{"self":[{"href":"https:\/\/brasileirao-taubate-sp.ceebkarate.com.br\/index.php\/wp-json\/wp\/v2\/pages\/37","targetHints":{"allow":["GET"]}}],"collection":[{"href":"https:\/\/brasileirao-taubate-sp.ceebkarate.com.br\/index.php\/wp-json\/wp\/v2\/pages"}],"about":[{"href":"https:\/\/brasileirao-taubate-sp.ceebkarate.com.br\/index.php\/wp-json\/wp\/v2\/types\/page"}],"author":[{"embeddable":true,"href":"https:\/\/brasileirao-taubate-sp.ceebkarate.com.br\/index.php\/wp-json\/wp\/v2\/users\/1"}],"replies":[{"embeddable":true,"href":"https:\/\/brasileirao-taubate-sp.ceebkarate.com.br\/index.php\/wp-json\/wp\/v2\/comments?post=37"}],"version-history":[{"count":190,"href":"https:\/\/brasileirao-taubate-sp.ceebkarate.com.br\/index.php\/wp-json\/wp\/v2\/pages\/37\/revisions"}],"predecessor-version":[{"id":354,"href":"https:\/\/brasileirao-taubate-sp.ceebkarate.com.br\/index.php\/wp-json\/wp\/v2\/pages\/37\/revisions\/354"}],"wp:attachment":[{"href":"https:\/\/brasileirao-taubate-sp.ceebkarate.com.br\/index.php\/wp-json\/wp\/v2\/media?parent=37"}],"curies":[{"name":"wp","href":"https:\/\/api.w.org\/{rel}","templated":true}]}}